{"id":2,"date":"2022-09-22T13:23:20","date_gmt":"2022-09-22T13:23:20","guid":{"rendered":"https:\/\/globalingles.com\/?page_id=2"},"modified":"2022-10-07T20:29:56","modified_gmt":"2022-10-07T20:29:56","slug":"sample-page","status":"publish","type":"page","link":"https:\/\/globalingles.com\/index.php\/sample-page\/","title":{"rendered":"GLOBAL English School"},"content":{"rendered":"\n<figure class=\"wp-block-image size-large\"><img fetchpriority=\"high\" decoding=\"async\" width=\"1024\" height=\"294\" src=\"https:\/\/globalingles.com\/wp-content\/uploads\/2022\/10\/home_orig-1-1024x294.png\" alt=\"\" class=\"wp-image-14\" srcset=\"https:\/\/globalingles.com\/wp-content\/uploads\/2022\/10\/home_orig-1-1024x294.png 1024w, https:\/\/globalingles.com\/wp-content\/uploads\/2022\/10\/home_orig-1-300x86.png 300w, https:\/\/globalingles.com\/wp-content\/uploads\/2022\/10\/home_orig-1-768x221.png 768w, https:\/\/globalingles.com\/wp-content\/uploads\/2022\/10\/home_orig-1-1536x442.png 1536w, https:\/\/globalingles.com\/wp-content\/uploads\/2022\/10\/home_orig-1-2048x589.png 2048w\" sizes=\"(max-width: 1024px) 100vw, 1024px\" \/><\/figure>\n\n\n\n<p>Para facilitar a aprendizagem da l\u00edngua inglesa, a GLOBAL proporciona experi\u00eancias \u00fanicas aos seus alunos. A principal delas \u00e9 a intera\u00e7\u00e3o ao vivo com pessoas de outros pa\u00edses atrav\u00e9s da internet. Al\u00e9m disso, com cursos adapt\u00e1veis \u00e0s suas necessidades e estilo de aprendizagem, a GLOBAL ajuda cada aluno a atingir seu objetivo tendo oportunidades marcantes ao desenvolver seu ingl\u00eas.<\/p>\n\n\n\n<p><\/p>\n\n\n\n<h2 class=\"wp-block-heading\">Skype Friends<\/h2>\n\n\n\n<p><\/p>\n\n\n\n<div class=\"wp-block-media-text alignwide is-stacked-on-mobile\"><figure class=\"wp-block-media-text__media\"><\/figure><div class=\"wp-block-media-text__content\">\n<p>Interagir com pessoas de outros pa\u00edses por videoconfer\u00eancia \u00e9 uma maneira simples e pr\u00e1tica de aprimorar o ingl\u00eas. Por isso, cada turma da Global vive essa experi\u00eancia v\u00e1rias vezes no ano. Quer acompanhar nossas &#8220;viagens&#8221; pelo mundo? Clique nas bandeirinhas do mapa ao lado para uma breve descri\u00e7\u00e3o e foto de cada experi\u00eancia. E para saber mais sobre esse e outros projetos internacionais, clique no bot\u00e3o abaixo.<\/p>\n<\/div><\/div>\n\n\n\n<h2 class=\"wp-block-heading\">Nossos projetos<\/h2>\n\n\n\n<figure class=\"wp-block-embed is-type-video is-provider-youtube wp-block-embed-youtube wp-embed-aspect-16-9 wp-has-aspect-ratio\"><div class=\"wp-block-embed__wrapper\">\n<iframe title=\"Por que vale a pena ser b\u00edlingue?\" width=\"500\" height=\"281\" src=\"https:\/\/www.youtube.com\/embed\/5YGYVHw5hUI?feature=oembed\" frameborder=\"0\" allow=\"accelerometer; autoplay; clipboard-write; encrypted-media; gyroscope; picture-in-picture\" allowfullscreen><\/iframe>\n<\/div><\/figure>\n","protected":false},"excerpt":{"rendered":"<p>Para facilitar a aprendizagem da l\u00edngua inglesa, a GLOBAL proporciona experi\u00eancias \u00fanicas aos seus alunos. A principal delas \u00e9 a [&hellip;]<\/p>\n","protected":false},"author":1,"featured_media":0,"parent":0,"menu_order":0,"comment_status":"closed","ping_status":"open","template":"","meta":{"om_disable_all_campaigns":false,"_mi_skip_tracking":false,"_monsterinsights_sitenote_active":false,"_monsterinsights_sitenote_note":"","_monsterinsights_sitenote_category":0,"site-sidebar-layout":"default","site-content-layout":"","ast-site-content-layout":"default","site-content-style":"default","site-sidebar-style":"default","ast-global-header-display":"","ast-banner-title-visibility":"","ast-main-header-display":"","ast-hfb-above-header-display":"","ast-hfb-below-header-display":"","ast-hfb-mobile-header-display":"","site-post-title":"","ast-breadcrumbs-content":"","ast-featured-img":"","footer-sml-layout":"","theme-transparent-header-meta":"","adv-header-id-meta":"","stick-header-meta":"","header-above-stick-meta":"","header-main-stick-meta":"","header-below-stick-meta":"","astra-migrate-meta-layouts":"default","ast-page-background-enabled":"default","ast-page-background-meta":{"desktop":{"background-color":"var(--ast-global-color-5)","background-image":"","background-repeat":"repeat","background-position":"center center","background-size":"auto","background-attachment":"scroll","background-type":"","background-media":"","overlay-type":"","overlay-color":"","overlay-opacity":"","overlay-gradient":""},"tablet":{"background-color":"","background-image":"","background-repeat":"repeat","background-position":"center center","background-size":"auto","background-attachment":"scroll","background-type":"","background-media":"","overlay-type":"","overlay-color":"","overlay-opacity":"","overlay-gradient":""},"mobile":{"background-color":"","background-image":"","background-repeat":"repeat","background-position":"center center","background-size":"auto","background-attachment":"scroll","background-type":"","background-media":"","overlay-type":"","overlay-color":"","overlay-opacity":"","overlay-gradient":""}},"ast-content-background-meta":{"desktop":{"background-color":"var(--ast-global-color-4)","background-image":"","background-repeat":"repeat","background-position":"center center","background-size":"auto","background-attachment":"scroll","background-type":"","background-media":"","overlay-type":"","overlay-color":"","overlay-opacity":"","overlay-gradient":""},"tablet":{"background-color":"var(--ast-global-color-4)","background-image":"","background-repeat":"repeat","background-position":"center center","background-size":"auto","background-attachment":"scroll","background-type":"","background-media":"","overlay-type":"","overlay-color":"","overlay-opacity":"","overlay-gradient":""},"mobile":{"background-color":"var(--ast-global-color-4)","background-image":"","background-repeat":"repeat","background-position":"center center","background-size":"auto","background-attachment":"scroll","background-type":"","background-media":"","overlay-type":"","overlay-color":"","overlay-opacity":"","overlay-gradient":""}},"footnotes":"","_joinchat":[]},"aioseo_notices":[],"_links":{"self":[{"href":"https:\/\/globalingles.com\/index.php\/wp-json\/wp\/v2\/pages\/2"}],"collection":[{"href":"https:\/\/globalingles.com\/index.php\/wp-json\/wp\/v2\/pages"}],"about":[{"href":"https:\/\/globalingles.com\/index.php\/wp-json\/wp\/v2\/types\/page"}],"author":[{"embeddable":true,"href":"https:\/\/globalingles.com\/index.php\/wp-json\/wp\/v2\/users\/1"}],"replies":[{"embeddable":true,"href":"https:\/\/globalingles.com\/index.php\/wp-json\/wp\/v2\/comments?post=2"}],"version-history":[{"count":6,"href":"https:\/\/globalingles.com\/index.php\/wp-json\/wp\/v2\/pages\/2\/revisions"}],"predecessor-version":[{"id":34,"href":"https:\/\/globalingles.com\/index.php\/wp-json\/wp\/v2\/pages\/2\/revisions\/34"}],"wp:attachment":[{"href":"https:\/\/globalingles.com\/index.php\/wp-json\/wp\/v2\/media?parent=2"}],"curies":[{"name":"wp","href":"https:\/\/api.w.org\/{rel}","templated":true}]}}